{"id":98,"date":"2023-03-28T23:28:32","date_gmt":"2023-03-28T23:28:32","guid":{"rendered":"https:\/\/eampublishing.com\/?page_id=98"},"modified":"2023-09-17T23:35:42","modified_gmt":"2023-09-17T23:35:42","slug":"books-for-sale-2","status":"publish","type":"page","link":"https:\/\/eampublishing.com\/","title":{"rendered":"Home"},"content":{"rendered":"<p>[et_pb_section fb_built=&#8221;1&#8243; _builder_version=&#8221;4.20.2&#8243; _module_preset=&#8221;default&#8221; global_colors_info=&#8221;{}&#8221;][et_pb_row column_structure=&#8221;1_3,1_3,1_3&#8243; _builder_version=&#8221;4.20.2&#8243; _module_preset=&#8221;default&#8221; global_colors_info=&#8221;{}&#8221;][et_pb_column type=&#8221;1_3&#8243; _builder_version=&#8221;4.20.2&#8243; _module_preset=&#8221;default&#8221; global_colors_info=&#8221;{}&#8221;][et_pb_text _builder_version=&#8221;4.21.0&#8243; _module_preset=&#8221;default&#8221; text_font=&#8221;Aclonica||||||||&#8221; text_font_size=&#8221;22px&#8221; text_letter_spacing=&#8221;2px&#8221; text_line_height=&#8221;1em&#8221; header_font=&#8221;Aboreto||||||||&#8221; animation_style=&#8221;slide&#8221; link_option_url=&#8221;https:\/\/eampublishing.com\/?page_id=236228&#038;et_fb=1&#038;PageSpeed=off&#8221; global_colors_info=&#8221;{}&#8221;]<\/p>\n<p style=\"text-align: center;\"><strong>ENGLISH BOOKS<\/strong><\/p>\n<p>[\/et_pb_text][et_pb_image src=&#8221;https:\/\/eampublishing.com\/wp-content\/uploads\/2023\/04\/English-book-only-EAMpublishing-copy-1.jpg&#8221; title_text=&#8221;English book only EAMpublishing = copy&#8221; url=&#8221;https:\/\/eampublishing.com\/?page_id=236228&#038;et_fb=1&#038;PageSpeed=off&#8221; _builder_version=&#8221;4.22.1&#8243; _module_preset=&#8221;default&#8221; hover_enabled=&#8221;0&#8243; global_colors_info=&#8221;{}&#8221; sticky_enabled=&#8221;0&#8243;][\/et_pb_image][et_pb_text _builder_version=&#8221;4.21.0&#8243; _module_preset=&#8221;default&#8221; text_font=&#8221;Aboreto||||||||&#8221; text_text_color=&#8221;#a88600&#8243; text_font_size=&#8221;15px&#8221; max_width=&#8221;100%&#8221; animation_style=&#8221;bounce&#8221; link_option_url=&#8221;https:\/\/eampublishing.com\/?page_id=236228&#038;et_fb=1&#038;PageSpeed=off&#8221; box_shadow_style=&#8221;preset3&#8243; box_shadow_color=&#8221;#E09900&#8243; global_colors_info=&#8221;{}&#8221;]<\/p>\n<p style=\"text-align: center;\"><strong>Enjoy our list of <\/strong><span style=\"text-align: left;\"><b>books!<\/b><\/span><\/p>\n<p style=\"text-align: center;\"><strong>Click Here<\/strong><\/p>\n<p>[\/et_pb_text][\/et_pb_column][et_pb_column type=&#8221;1_3&#8243; _builder_version=&#8221;4.20.2&#8243; _module_preset=&#8221;default&#8221; global_colors_info=&#8221;{}&#8221;][et_pb_text _builder_version=&#8221;4.21.0&#8243; _module_preset=&#8221;default&#8221; text_font=&#8221;Aclonica||||||||&#8221; text_font_size=&#8221;22px&#8221; text_letter_spacing=&#8221;1px&#8221; text_line_height=&#8221;1em&#8221; header_font=&#8221;Aboreto||||||||&#8221; animation_style=&#8221;slide&#8221; link_option_url=&#8221;https:\/\/eampublishing.com\/?page_id=236128&#038;et_fb=1&#038;PageSpeed=off&#8221; global_colors_info=&#8221;{}&#8221;]<\/p>\n<p style=\"text-align: center;\"><strong>LIBROS EN ESPA\u00d1OL<\/strong><\/p>\n<p>[\/et_pb_text][et_pb_image src=&#8221;https:\/\/eampublishing.com\/wp-content\/uploads\/2023\/04\/Espanol-libros-EAMpublishing-.jpg&#8221; title_text=&#8221;Espa\u00f1ol libros EAMpublishing ==&#8221; url=&#8221;https:\/\/eampublishing.com\/?page_id=236128&#038;et_fb=1&#038;PageSpeed=off&#8221; _builder_version=&#8221;4.21.0&#8243; _module_preset=&#8221;default&#8221; global_colors_info=&#8221;{}&#8221;][\/et_pb_image][et_pb_text _builder_version=&#8221;4.21.0&#8243; _module_preset=&#8221;default&#8221; text_font=&#8221;Aboreto||||||||&#8221; text_text_color=&#8221;#a88600&#8243; text_font_size=&#8221;15px&#8221; max_width=&#8221;100%&#8221; animation_style=&#8221;bounce&#8221; link_option_url=&#8221;https:\/\/eampublishing.com\/?page_id=236128&#038;et_fb=1&#038;PageSpeed=off&#8221; box_shadow_style=&#8221;preset3&#8243; box_shadow_color=&#8221;#E09900&#8243; global_colors_info=&#8221;{}&#8221;]<\/p>\n<p style=\"text-align: center;\"><strong>\u00a1DISFRUTA DE ESTA LISTA DE LIBROS<\/strong><span style=\"text-align: left;\"><b>!<\/b><\/span><\/p>\n<p style=\"text-align: center;\"><strong>HAZ CLICK AQU\u00cd<\/strong><\/p>\n<p style=\"text-align: center;\"><strong><\/strong><\/p>\n<p>[\/et_pb_text][\/et_pb_column][et_pb_column type=&#8221;1_3&#8243; _builder_version=&#8221;4.20.2&#8243; _module_preset=&#8221;default&#8221; global_colors_info=&#8221;{}&#8221;][et_pb_text _builder_version=&#8221;4.21.0&#8243; _module_preset=&#8221;default&#8221; text_font=&#8221;Aclonica||||||||&#8221; text_font_size=&#8221;22px&#8221; text_letter_spacing=&#8221;2px&#8221; text_line_height=&#8221;1em&#8221; header_font=&#8221;Aboreto||||||||&#8221; animation_style=&#8221;slide&#8221; link_option_url=&#8221;https:\/\/eampublishing.com\/?page_id=236238&#038;et_fb=1&#038;PageSpeed=off&#8221; global_colors_info=&#8221;{}&#8221;]<\/p>\n<p style=\"text-align: center;\"><strong>LIVRES EN FRAN\u00c7AIS<\/strong><\/p>\n<p>[\/et_pb_text][et_pb_image src=&#8221;https:\/\/eampublishing.com\/wp-content\/uploads\/2023\/04\/Frances-libros-EAMpublishing-.jpg&#8221; title_text=&#8221;Frances libros EAMpublishing =&#8221; url=&#8221;https:\/\/eampublishing.com\/?page_id=236238&#038;et_fb=1&#038;PageSpeed=off&#8221; _builder_version=&#8221;4.21.0&#8243; _module_preset=&#8221;default&#8221; global_colors_info=&#8221;{}&#8221;][\/et_pb_image][et_pb_text _builder_version=&#8221;4.21.0&#8243; _module_preset=&#8221;default&#8221; text_font=&#8221;Aboreto||||||||&#8221; text_text_color=&#8221;#a88600&#8243; text_font_size=&#8221;15px&#8221; max_width=&#8221;100%&#8221; animation_style=&#8221;bounce&#8221; link_option_url=&#8221;https:\/\/eampublishing.com\/?page_id=236238&#038;et_fb=1&#038;PageSpeed=off&#8221; box_shadow_style=&#8221;preset3&#8243; box_shadow_color=&#8221;#E09900&#8243; global_colors_info=&#8221;{}&#8221;]<\/p>\n<p style=\"text-align: center;\"><strong>PROFITEZ DE NOTRE LISTE DE LIVRES<\/strong><span style=\"text-align: left;\"><b>!<\/b><\/span><\/p>\n<p style=\"text-align: center;\"><strong>CLIQUEZ ICI<\/strong><\/p>\n<p>[\/et_pb_text][\/et_pb_column][\/et_pb_row][et_pb_row column_structure=&#8221;1_3,1_3,1_3&#8243; _builder_version=&#8221;4.20.2&#8243; _module_preset=&#8221;default&#8221; global_colors_info=&#8221;{}&#8221;][et_pb_column type=&#8221;1_3&#8243; _builder_version=&#8221;4.20.2&#8243; _module_preset=&#8221;default&#8221; global_colors_info=&#8221;{}&#8221;][et_pb_text _builder_version=&#8221;4.21.0&#8243; _module_preset=&#8221;default&#8221; text_font=&#8221;Aclonica||||||||&#8221; text_font_size=&#8221;22px&#8221; text_letter_spacing=&#8221;2px&#8221; text_line_height=&#8221;1em&#8221; header_font=&#8221;Aboreto||||||||&#8221; animation_style=&#8221;slide&#8221; link_option_url=&#8221;https:\/\/eampublishing.com\/?page_id=236241&#038;et_fb=1&#038;PageSpeed=off&#8221; global_colors_info=&#8221;{}&#8221;]<\/p>\n<p style=\"text-align: center;\"><strong>LIVROS EM PORTUGU\u00caS<\/strong><\/p>\n<p>[\/et_pb_text][et_pb_image src=&#8221;https:\/\/eampublishing.com\/wp-content\/uploads\/2023\/04\/portugues-libros-EAMpublishing-.jpg&#8221; title_text=&#8221;portugues libros EAMpublishing =&#8221; url=&#8221;https:\/\/eampublishing.com\/?page_id=236241&#038;et_fb=1&#038;PageSpeed=off&#8221; _builder_version=&#8221;4.21.0&#8243; _module_preset=&#8221;default&#8221; global_colors_info=&#8221;{}&#8221;][\/et_pb_image][et_pb_text _builder_version=&#8221;4.21.0&#8243; _module_preset=&#8221;default&#8221; text_font=&#8221;Aboreto||||||||&#8221; text_text_color=&#8221;#a88600&#8243; text_font_size=&#8221;15px&#8221; max_width=&#8221;100%&#8221; animation_style=&#8221;bounce&#8221; link_option_url=&#8221;https:\/\/eampublishing.com\/?page_id=236241&#038;et_fb=1&#038;PageSpeed=off&#8221; box_shadow_style=&#8221;preset3&#8243; box_shadow_color=&#8221;#E09900&#8243; global_colors_info=&#8221;{}&#8221;]<\/p>\n<p style=\"text-align: center;\"><strong>Aproveite nossa lista de livros<\/strong><span style=\"text-align: left;\"><b>!<\/b><\/span><\/p>\n<p style=\"text-align: center;\"><strong>Clique aqui<\/strong><\/p>\n<p>[\/et_pb_text][\/et_pb_column][et_pb_column type=&#8221;1_3&#8243; _builder_version=&#8221;4.20.2&#8243; _module_preset=&#8221;default&#8221; global_colors_info=&#8221;{}&#8221;][et_pb_text _builder_version=&#8221;4.21.0&#8243; _module_preset=&#8221;default&#8221; text_font=&#8221;Aclonica||||||||&#8221; text_font_size=&#8221;22px&#8221; text_letter_spacing=&#8221;2px&#8221; text_line_height=&#8221;1em&#8221; header_font=&#8221;Aboreto||||||||&#8221; animation_style=&#8221;slide&#8221; link_option_url=&#8221;https:\/\/eampublishing.com\/?page_id=236235&#038;et_fb=1&#038;PageSpeed=off&#8221; global_colors_info=&#8221;{}&#8221;]<\/p>\n<p style=\"text-align: center;\"><strong>LIBRI IN ITALIANO<\/strong><\/p>\n<p>[\/et_pb_text][et_pb_image src=&#8221;https:\/\/eampublishing.com\/wp-content\/uploads\/2023\/04\/Italiano-libros-EAMpublishing-.jpg&#8221; title_text=&#8221;Italiano libros EAMpublishing =&#8221; url=&#8221;https:\/\/eampublishing.com\/?page_id=236235&#038;et_fb=1&#038;PageSpeed=off&#8221; _builder_version=&#8221;4.21.0&#8243; _module_preset=&#8221;default&#8221; global_colors_info=&#8221;{}&#8221;][\/et_pb_image][et_pb_text _builder_version=&#8221;4.21.0&#8243; _module_preset=&#8221;default&#8221; text_font=&#8221;Aboreto||||||||&#8221; text_text_color=&#8221;#a88600&#8243; text_font_size=&#8221;15px&#8221; max_width=&#8221;100%&#8221; animation_style=&#8221;bounce&#8221; link_option_url=&#8221;https:\/\/eampublishing.com\/?page_id=236235&#038;et_fb=1&#038;PageSpeed=off&#8221; box_shadow_style=&#8221;preset3&#8243; box_shadow_color=&#8221;#E09900&#8243; global_colors_info=&#8221;{}&#8221;]<\/p>\n<p style=\"text-align: center;\"><strong>GODITI LA NOSTRA LISTA DI LIBRI<\/strong><span style=\"text-align: left;\"><b>!<\/b><\/span><\/p>\n<p style=\"text-align: center;\"><strong>CLICCA QUI<\/strong><\/p>\n<p>[\/et_pb_text][\/et_pb_column][et_pb_column type=&#8221;1_3&#8243; _builder_version=&#8221;4.20.2&#8243; _module_preset=&#8221;default&#8221; global_colors_info=&#8221;{}&#8221;][et_pb_text _builder_version=&#8221;4.20.2&#8243; _module_preset=&#8221;default&#8221; text_font=&#8221;Aclonica||||||||&#8221; text_font_size=&#8221;22px&#8221; text_letter_spacing=&#8221;2px&#8221; text_line_height=&#8221;1em&#8221; header_font=&#8221;Aboreto||||||||&#8221; animation_style=&#8221;slide&#8221; global_colors_info=&#8221;{}&#8221;]<\/p>\n<p style=\"text-align: center;\"><strong>B\u00d6CKER P\u00e5 SVENSKA<\/strong><\/p>\n<p>[\/et_pb_text][et_pb_image src=&#8221;https:\/\/eampublishing.com\/wp-content\/uploads\/2023\/04\/sueco-libros-EAMpublishing-.jpg&#8221; title_text=&#8221;sueco libros EAMpublishing =&#8221; align=&#8221;center&#8221; _builder_version=&#8221;4.20.2&#8243; _module_preset=&#8221;default&#8221; global_colors_info=&#8221;{}&#8221;][\/et_pb_image][et_pb_text _builder_version=&#8221;4.20.2&#8243; _module_preset=&#8221;default&#8221; text_font=&#8221;Aboreto||||||||&#8221; text_text_color=&#8221;#a88600&#8243; text_font_size=&#8221;15px&#8221; max_width=&#8221;100%&#8221; animation_style=&#8221;bounce&#8221; box_shadow_style=&#8221;preset3&#8243; box_shadow_color=&#8221;#E09900&#8243; global_colors_info=&#8221;{}&#8221;]<\/p>\n<p style=\"text-align: center;\"><strong>Njut av v\u00e4r list med b\u00f6cker<\/strong><span style=\"text-align: left;\"><b>!<\/b><\/span><\/p>\n<p style=\"text-align: center;\"><strong>Klicka har<\/strong><\/p>\n<p>[\/et_pb_text][\/et_pb_column][\/et_pb_row][\/et_pb_section][et_pb_section fb_built=&#8221;1&#8243; _builder_version=&#8221;4.20.2&#8243; _module_preset=&#8221;default&#8221; global_colors_info=&#8221;{}&#8221;][et_pb_row column_structure=&#8221;1_2,1_2&#8243; _builder_version=&#8221;4.20.2&#8243; _module_preset=&#8221;default&#8221; global_colors_info=&#8221;{}&#8221;][et_pb_column type=&#8221;1_2&#8243; _builder_version=&#8221;4.20.2&#8243; _module_preset=&#8221;default&#8221; global_colors_info=&#8221;{}&#8221;][et_pb_text _builder_version=&#8221;4.20.2&#8243; _module_preset=&#8221;default&#8221; text_font=&#8221;Aclonica||||||||&#8221; text_font_size=&#8221;22px&#8221; text_letter_spacing=&#8221;2px&#8221; text_line_height=&#8221;1em&#8221; header_font=&#8221;Aboreto||||||||&#8221; animation_style=&#8221;slide&#8221; global_colors_info=&#8221;{}&#8221;]<\/p>\n<p style=\"text-align: center;\"><strong>ENGLISH &#8211; \u0410\u041d\u0413\u041b\u0418\u0419\u0421\u041a\u0418\u0419 &#8211; \u0420\u0423\u0421\u0421\u041a\u0418\u0419<\/strong><\/p>\n<p>[\/et_pb_text][et_pb_image src=&#8221;https:\/\/eampublishing.com\/wp-content\/uploads\/2023\/04\/Ruso-Ingles-libros-EAMpublishing-.jpg&#8221; title_text=&#8221;Ruso Ingles libros EAMpublishing =&#8221; align=&#8221;center&#8221; _builder_version=&#8221;4.20.2&#8243; _module_preset=&#8221;default&#8221; global_colors_info=&#8221;{}&#8221;][\/et_pb_image][et_pb_text _builder_version=&#8221;4.20.2&#8243; _module_preset=&#8221;default&#8221; text_font=&#8221;Aboreto||||||||&#8221; text_text_color=&#8221;#a88600&#8243; text_font_size=&#8221;15px&#8221; max_width=&#8221;100%&#8221; animation_style=&#8221;bounce&#8221; box_shadow_style=&#8221;preset3&#8243; box_shadow_color=&#8221;#E09900&#8243; global_colors_info=&#8221;{}&#8221;]<\/p>\n<p style=\"text-align: center;\"><strong>ENJOY OUR LIST &#8211; CLICK HERE!<\/strong><\/p>\n<p style=\"text-align: center;\"><strong>\u041d\u0410\u0421\u041b\u0410\u0416\u0414\u0410\u0419\u0422\u0415\u0421\u042c \u041d\u0410\u0428\u0418\u041c \u0421\u041f\u0418\u0421\u041a\u041e\u041c \u041a\u041d\u0418\u0413\u00a0 \u041d\u0410\u0416\u041c\u0418\u0422\u0415 \u0417\u0414\u0415\u0421\u042c!<\/strong><\/p>\n<p style=\"text-align: center;\">[\/et_pb_text][\/et_pb_column][et_pb_column type=&#8221;1_2&#8243; _builder_version=&#8221;4.20.2&#8243; _module_preset=&#8221;default&#8221; global_colors_info=&#8221;{}&#8221;][et_pb_text _builder_version=&#8221;4.20.2&#8243; _module_preset=&#8221;default&#8221; text_font=&#8221;Aclonica||||||||&#8221; text_font_size=&#8221;22px&#8221; text_letter_spacing=&#8221;2px&#8221; text_line_height=&#8221;1em&#8221; header_font=&#8221;Aboreto||||||||&#8221; animation_style=&#8221;slide&#8221; global_colors_info=&#8221;{}&#8221;]<\/p>\n<p style=\"text-align: center;\"><strong>\u4e2d\u570b\u66f8\u7c4d<\/strong><\/p>\n<p style=\"text-align: center;\">[\/et_pb_text][et_pb_image src=&#8221;https:\/\/eampublishing.com\/wp-content\/uploads\/2023\/04\/Chino-libros-EAMpublishing-.jpg&#8221; title_text=&#8221;Chino libros EAMpublishing =&#8221; align=&#8221;center&#8221; _builder_version=&#8221;4.20.2&#8243; _module_preset=&#8221;default&#8221; global_colors_info=&#8221;{}&#8221;][\/et_pb_image][et_pb_text _builder_version=&#8221;4.20.2&#8243; _module_preset=&#8221;default&#8221; text_font=&#8221;Aboreto||||||||&#8221; text_text_color=&#8221;#a88600&#8243; text_font_size=&#8221;15px&#8221; max_width=&#8221;100%&#8221; animation_style=&#8221;bounce&#8221; box_shadow_style=&#8221;preset3&#8243; box_shadow_color=&#8221;#E09900&#8243; global_colors_info=&#8221;{}&#8221;]<\/p>\n<p style=\"text-align: center;\"><strong>\u4eab\u53d7\u6211\u5011\u7684\u66f8\u7c4d\u6e05\u55ae<\/strong><\/p>\n<p style=\"text-align: center;\"><strong>\u8acb\u55ae\u64ca\u6b64\u8655<\/strong><\/p>\n<p style=\"text-align: center;\">[\/et_pb_text][\/et_pb_column][\/et_pb_row][\/et_pb_section]<\/p>\n","protected":false},"excerpt":{"rendered":"<p>ENGLISH BOOKSEnjoy our list of books! Click HereLIBROS EN ESPA\u00d1OL\u00a1DISFRUTA DE ESTA LISTA DE LIBROS! HAZ CLICK AQU\u00cd LIVRES EN FRAN\u00c7AISPROFITEZ DE NOTRE LISTE DE LIVRES! CLIQUEZ ICILIVROS EM PORTUGU\u00caSAproveite nossa lista de livros! Clique aquiLIBRI IN ITALIANOGODITI LA NOSTRA LISTA DI LIBRI! CLICCA QUIB\u00d6CKER P\u00e5 SVENSKANjut av v\u00e4r list med b\u00f6cker! Klicka harENGLISH &#8211; [&hellip;]<\/p>\n","protected":false},"author":1,"featured_media":0,"parent":0,"menu_order":0,"comment_status":"closed","ping_status":"closed","template":"","meta":{"_et_pb_use_builder":"on","_et_pb_old_content":"","_et_gb_content_width":"","footnotes":""},"class_list":["post-98","page","type-page","status-publish","hentry"],"_links":{"self":[{"href":"https:\/\/eampublishing.com\/index.php?rest_route=\/wp\/v2\/pages\/98","targetHints":{"allow":["GET"]}}],"collection":[{"href":"https:\/\/eampublishing.com\/index.php?rest_route=\/wp\/v2\/pages"}],"about":[{"href":"https:\/\/eampublishing.com\/index.php?rest_route=\/wp\/v2\/types\/page"}],"author":[{"embeddable":true,"href":"https:\/\/eampublishing.com\/index.php?rest_route=\/wp\/v2\/users\/1"}],"replies":[{"embeddable":true,"href":"https:\/\/eampublishing.com\/index.php?rest_route=%2Fwp%2Fv2%2Fcomments&post=98"}],"version-history":[{"count":36,"href":"https:\/\/eampublishing.com\/index.php?rest_route=\/wp\/v2\/pages\/98\/revisions"}],"predecessor-version":[{"id":236823,"href":"https:\/\/eampublishing.com\/index.php?rest_route=\/wp\/v2\/pages\/98\/revisions\/236823"}],"wp:attachment":[{"href":"https:\/\/eampublishing.com\/index.php?rest_route=%2Fwp%2Fv2%2Fmedia&parent=98"}],"curies":[{"name":"wp","href":"https:\/\/api.w.org\/{rel}","templated":true}]}}