{"id":236235,"date":"2023-05-01T00:53:29","date_gmt":"2023-05-01T00:53:29","guid":{"rendered":"https:\/\/eampublishing.com\/?page_id=236235"},"modified":"2023-05-03T03:50:00","modified_gmt":"2023-05-03T03:50:00","slug":"libri-in-italiano","status":"publish","type":"page","link":"https:\/\/eampublishing.com\/?page_id=236235","title":{"rendered":"LIBRI IN ITALIANO"},"content":{"rendered":"<p>[et_pb_section fb_built=&#8221;1&#8243; _builder_version=&#8221;4.21.0&#8243; _module_preset=&#8221;default&#8221; global_colors_info=&#8221;{}&#8221;][et_pb_row column_structure=&#8221;1_6,1_6,1_6,1_6,1_6,1_6&#8243; _builder_version=&#8221;4.21.0&#8243; _module_preset=&#8221;default&#8221; custom_padding=&#8221;|||0px||&#8221; global_colors_info=&#8221;{}&#8221;][et_pb_column type=&#8221;1_6&#8243; _builder_version=&#8221;4.21.0&#8243; _module_preset=&#8221;default&#8221; global_colors_info=&#8221;{}&#8221;][et_pb_blurb title=&#8221;NUMERI DELLE STELLE PER LA VITA ETERNA&#8221; image=&#8221;https:\/\/eampublishing.com\/wp-content\/uploads\/2023\/05\/c.-Numeri-delle-estelle-.jpg&#8221; _builder_version=&#8221;4.21.0&#8243; _module_preset=&#8221;default&#8221; custom_margin=&#8221;||-3px|||&#8221; box_shadow_style_image=&#8221;preset1&#8243; global_colors_info=&#8221;{}&#8221;][\/et_pb_blurb][et_pb_toggle title=&#8221;Show More&#8221; icon_color=&#8221;#0C71C3&#8243; _builder_version=&#8221;4.21.0&#8243; _module_preset=&#8221;default&#8221; hover_enabled=&#8221;0&#8243; global_colors_info=&#8221;{}&#8221; sticky_enabled=&#8221;0&#8243;]<\/p>\n<p>&nbsp;<\/p>\n<p>Le stelle lontane, dalle quali viene percepita solo la luce dalla visione fisica, hanno connessioni sottili con l&#8217;Anima Umana.<br \/>Una persona con la sua visione fisica pu\u00f2 percepire la luce della sua Anima, che si mescola al colore del corpo della persona.<br \/>Con questa comprensione, si pu\u00f2 considerare che a una certa distanza dal corpo umano e sul corpo umano, la luce delle stelle a livello fisico si interseca e si unisce con la luce dell&#8217;Anima.<br \/>La luce delle stelle in un certo senso \u00e8 un elemento di eternit\u00e0 dal punto di vista del fatto che tale luce raggiunge una persona spesso nell&#8217;arco di milioni di anni luce e allo stesso tempo \u00e8 la porta di accesso al mondo che sta dall&#8217;altra parte della stella ed \u00e8 infinito.<br \/>L&#8217;Anima Eterna, a contatto con la luce eterna delle stelle, pu\u00f2 influenzare attraverso la volont\u00e0 di una persona la realt\u00e0 fisica e informativa circostante, che comprende tutto ci\u00f2 che riguarda le informazioni.<br \/>La garanzia della vita eterna di una persona si ottiene concentrandosi sulle aree di interazione tra la luce delle stelle e l&#8217;Anima umana. Queste aree di interazione sono rappresentate come serie numeriche.<\/p>\n<p>&nbsp;<\/p>\n<p>&nbsp;<\/p>\n<p>[\/et_pb_toggle][\/et_pb_column][et_pb_column type=&#8221;1_6&#8243; _builder_version=&#8221;4.21.0&#8243; _module_preset=&#8221;default&#8221; global_colors_info=&#8221;{}&#8221;][et_pb_button button_url=&#8221;https:\/\/globalgrigorigrabovoi.com\/italiano-books\/&#8221; button_text=&#8221;GLOBAL &#8221; _builder_version=&#8221;4.21.0&#8243; _module_preset=&#8221;default&#8221; saved_tabs=&#8221;all&#8221; global_colors_info=&#8221;{}&#8221;][\/et_pb_button][et_pb_button button_url=&#8221;https:\/\/www.amazon.com\/NUMERI-DELLE-STELLE-ETERNA-Italian\/dp\/B0B47JP5B4\/ref=sr_1_1?crid=31L109I2P8PXR&#038;keywords=NUMERI+DELLE+STELLE+PER+LA+VITA+ETERNA&#038;qid=1668638267&#038;s=digital-text&#038;sprefix=numeri+delle+stelle+per+la+vita+eterna%2Cdigital-text%2C187&#038;sr=1-1&#038;ufe=app_do%3Aamzn1.fos.006c50ae-5d4c-4777-9bc0-4513d670b6bc&#8221; button_text=&#8221;AMAZON&#8221; _builder_version=&#8221;4.21.0&#8243; _module_preset=&#8221;default&#8221; saved_tabs=&#8221;all&#8221; global_colors_info=&#8221;{}&#8221;][\/et_pb_button][et_pb_button button_text=&#8221;KINDLE&#8221; _builder_version=&#8221;4.21.0&#8243; _module_preset=&#8221;default&#8221; saved_tabs=&#8221;all&#8221; global_colors_info=&#8221;{}&#8221;][\/et_pb_button][\/et_pb_column][et_pb_column type=&#8221;1_6&#8243; _builder_version=&#8221;4.21.0&#8243; _module_preset=&#8221;default&#8221; global_colors_info=&#8221;{}&#8221;][et_pb_blurb title=&#8221;GUIDA PRATICA ALL\u00b4UTILIZZO DELLE NUMERICHE&#8221; image=&#8221;https:\/\/eampublishing.com\/wp-content\/uploads\/2023\/05\/GUIDA-PRATICA-ALL\u00b4UTILIZZO-DELLE-SEQUENCES-NUMERICHE.jpg&#8221; _builder_version=&#8221;4.21.0&#8243; _module_preset=&#8221;default&#8221; custom_margin=&#8221;||-3px|||&#8221; box_shadow_style_image=&#8221;preset1&#8243; global_colors_info=&#8221;{}&#8221;][\/et_pb_blurb][et_pb_toggle title=&#8221;Show More&#8221; icon_color=&#8221;#0C71C3&#8243; _builder_version=&#8221;4.21.0&#8243; _module_preset=&#8221;default&#8221; global_colors_info=&#8221;{}&#8221;]<\/p>\n<p><strong>Sono un insieme di numeri creati dal Dr. Grigori Grabovoi\u00ae\u00a0che creano una frequenza a livello vibrazionale ed energetico per influenzare positivamente le situazioni e le strutture che fanno parte della nostra vita.<\/strong><\/p>\n<p><strong>Concentrandoti sulle serie di numeri, che hai scelto di utilizzare, otterrai risultati incredibili, molti li chiamano anche miracolosi. Questi numeri generano una frequenza vibrazionale ed energetica, che aiuta ad influenzare positivamente le situazioni che vivono gli esseri umani.<\/strong><\/p>\n<p>[\/et_pb_toggle][\/et_pb_column][et_pb_column type=&#8221;1_6&#8243; _builder_version=&#8221;4.21.0&#8243; _module_preset=&#8221;default&#8221; global_colors_info=&#8221;{}&#8221;][et_pb_button button_url=&#8221;https:\/\/globalgrigorigrabovoi.com\/italiano-books\/&#8221; button_text=&#8221;GLOBAL &#8221; _builder_version=&#8221;4.21.0&#8243; _module_preset=&#8221;default&#8221; saved_tabs=&#8221;all&#8221; global_colors_info=&#8221;{}&#8221;][\/et_pb_button][et_pb_button button_url=&#8221;https:\/\/www.amazon.com\/PRATICA-ALLUTILIZZO-SEQUENZE-NUMERICHE-Italian\/dp\/B09CRM4GHL\/ref=tmm_pap_swatch_0?_encoding=UTF8&#038;qid=1629856961&#038;sr=8-3&#8243; button_text=&#8221;AMAZON&#8221; _builder_version=&#8221;4.21.0&#8243; _module_preset=&#8221;default&#8221; saved_tabs=&#8221;all&#8221; global_colors_info=&#8221;{}&#8221;][\/et_pb_button][et_pb_button button_url=&#8221;https:\/\/www.amazon.com\/PRATICA-ALLUTILIZZO-SEQUENZE-NUMERICHE-Italian-ebook\/dp\/B09CKDXDCL\/ref=tmm_kin_swatch_0?_encoding=UTF8&#038;qid=1629856961&#038;sr=8-3&#8243; button_text=&#8221;KINDLE&#8221; _builder_version=&#8221;4.21.0&#8243; _module_preset=&#8221;default&#8221; saved_tabs=&#8221;all&#8221; global_colors_info=&#8221;{}&#8221;][\/et_pb_button][\/et_pb_column][et_pb_column type=&#8221;1_6&#8243; _builder_version=&#8221;4.21.0&#8243; _module_preset=&#8221;default&#8221; global_colors_info=&#8221;{}&#8221;][et_pb_blurb title=&#8221;METODI PER IL CONTROLLO DEGLI EVENTI &#8221; image=&#8221;https:\/\/eampublishing.com\/wp-content\/uploads\/2023\/05\/c.-Metodi-per-il-controllo.jpg&#8221; _builder_version=&#8221;4.21.0&#8243; _module_preset=&#8221;default&#8221; custom_margin=&#8221;||-3px|||&#8221; box_shadow_style_image=&#8221;preset1&#8243; global_colors_info=&#8221;{}&#8221;][\/et_pb_blurb][et_pb_toggle title=&#8221;Show More&#8221; icon_color=&#8221;#0C71C3&#8243; _builder_version=&#8221;4.21.0&#8243; _module_preset=&#8221;default&#8221; global_colors_info=&#8221;{}&#8221;]<\/p>\n<p><strong>METODI PER IL CONTROLLO DEGLI EVENTI E IL RIPRISTINO DELL&#8217;ORGANISMO ATTRAVERSO LA CONCENTRAZIONE DELLA COSCIENZA IN VARI OGGETTI DELLA REALT\u00c0<\/strong><\/p>\n<p>Il principio \u00e8 utilizzare il massimo controllo delle parole, che si trasformano in una forma, quindi il controllo viene esercitato sulla forma, ottenendo cos\u00ec un maggiore controllo sulla forma. In realt\u00e0, \u00e8 un&#8217;organizzazione dell&#8217;informazione sempre pi\u00f9 astratta.<\/p>\n<p>Pertanto, il significato \u00e8 tale che l&#8217;obiettivo di controllo \u00e8 costruito come se fosse di fronte a Lei, e implementa la costruzione in modo tale da poter chiudere la frase costruita, anche diverse frasi, in una sorta di cerchio.<\/p>\n<p>In questo modo l&#8217;area del mio insegnamento corrisponde alla prevenzione di una possibile catastrofe globale e per garantire uno sviluppo eterno sempre pi\u00f9 armonioso, quest&#8217;area \u00e8 di nuovo all&#8217;inizio e alla fine del sistema simbolico dei registri.<\/p>\n<p>[\/et_pb_toggle][\/et_pb_column][et_pb_column type=&#8221;1_6&#8243; _builder_version=&#8221;4.21.0&#8243; _module_preset=&#8221;default&#8221; global_colors_info=&#8221;{}&#8221;][et_pb_button button_url=&#8221;https:\/\/globalgrigorigrabovoi.com\/italiano-books\/&#8221; button_text=&#8221;GLOBAL&#8221; _builder_version=&#8221;4.21.0&#8243; _module_preset=&#8221;default&#8221; global_colors_info=&#8221;{}&#8221;][\/et_pb_button][et_pb_button button_url=&#8221;https:\/\/www.amazon.com\/controllo-ripristino-dellorganismo-attraverso-concentrazione\/dp\/1704384265\/ref=tmm_pap_swatch_0?_encoding=UTF8&#038;qid=1573176724&#038;sr=8-1&#8243; button_text=&#8221;AMAZON&#8221; _builder_version=&#8221;4.21.0&#8243; _module_preset=&#8221;default&#8221; global_colors_info=&#8221;{}&#8221;][\/et_pb_button][et_pb_button button_url=&#8221;https:\/\/www.amazon.com\/controllo-ripristino-dellorganismo-attraverso-concentrazione-ebook\/dp\/B07ZV1WC6K\/ref=tmm_kin_swatch_0?_encoding=UTF8&#038;qid=1573176724&#038;sr=8-1&#8243; button_text=&#8221;KINDLE&#8221; _builder_version=&#8221;4.21.0&#8243; _module_preset=&#8221;default&#8221; global_colors_info=&#8221;{}&#8221;][\/et_pb_button][\/et_pb_column][\/et_pb_row][et_pb_row column_structure=&#8221;1_6,1_6,1_6,1_6,1_6,1_6&#8243; _builder_version=&#8221;4.21.0&#8243; _module_preset=&#8221;default&#8221; custom_padding=&#8221;|||0px||&#8221; global_colors_info=&#8221;{}&#8221;][et_pb_column type=&#8221;1_6&#8243; _builder_version=&#8221;4.21.0&#8243; _module_preset=&#8221;default&#8221; global_colors_info=&#8221;{}&#8221;][et_pb_blurb title=&#8221;Control a traves del significado&#8221; image=&#8221;https:\/\/eampublishing.com\/wp-content\/uploads\/2023\/04\/Control-a-traves-del-significado.png&#8221; _builder_version=&#8221;4.21.0&#8243; _module_preset=&#8221;default&#8221; custom_margin=&#8221;||-3px|||&#8221; box_shadow_style_image=&#8221;preset1&#8243; global_colors_info=&#8221;{}&#8221;][\/et_pb_blurb][et_pb_toggle title=&#8221;Show More&#8221; icon_color=&#8221;#0C71C3&#8243; _builder_version=&#8221;4.21.0&#8243; _module_preset=&#8221;default&#8221; global_colors_info=&#8221;{}&#8221;]<\/p>\n<p>1 &#8211; CYTOLEMMA (PLASMA MEMBRANE) <strong>814 718 314 213<\/strong><\/p>\n<p>2 &#8211; PINOCYTOTIC VACUOLES <strong>214 718 314 218<\/strong><\/p>\n<p>3 &#8211; CENTROSOME (CELL CENTER) <strong>519 217 018 017<\/strong><\/p>\n<p>4 &#8211; HYALOPLASM <strong>614 217 321 218<\/strong><\/p>\n<p>5 &#8211; ENDOPLASMIC RETICULUM <strong>819 517 319 418<\/strong><\/p>\n<p>A \u2013 MEMBRANES OF ENDOPLASMIC RETICULUM<\/p>\n<p>B &#8211; RIBOSOMES<\/p>\n<p>6 &#8211; CELL NUCLEUS <strong>814 321 718 912<\/strong><\/p>\n<p>7 &#8211; PERINUCLEAR SPACE CONNECTION WITH<\/p>\n<p>ENDOPLASMIC RETICULUM CAVITIES <strong>819 421 719 378<\/strong><\/p>\n<p>8 &#8211; NUCLEAR PORES <strong>918 472 519 318<\/strong><\/p>\n<p>9 \u2013 NUCLEOLUS <strong>918 412 718 814<\/strong><\/p>\n<p>10 \u2013 GOLGI APPARATUS (GOLGI COMPLEX) <strong>819 918 319 217<\/strong><\/p>\n<p>11 &#8211; SECRETORY VACUOLES <strong>979 974 348 522<\/strong><\/p>\n<p>12 &#8211; MITOCHONDRIA <strong>819 317 419 814<\/strong><\/p>\n<p>13 &#8211; LYSOSOMES <strong>519 712 314 518<\/strong><\/p>\n<p>14 &#8211; THREE SUCCESSIVE PHAGOCYTOSIS STAGES <strong>819<\/strong><strong> 412 714 321<\/strong><\/p>\n<p>15 &#8211; CONNECTION THE CELL MEMBRANE WITH ENDOPLASMIC RETICULUM<\/p>\n<p>MEMBRANES <strong>514 816 314 819<\/strong><\/p>\n<p>&nbsp;<\/p>\n<p>[\/et_pb_toggle][\/et_pb_column][et_pb_column type=&#8221;1_6&#8243; _builder_version=&#8221;4.21.0&#8243; _module_preset=&#8221;default&#8221; global_colors_info=&#8221;{}&#8221;][et_pb_button button_url=&#8221;https:\/\/globalgrigorigrabovoi.com\/italiano-books\/&#8221; button_text=&#8221;GLOBAL &#8221; _builder_version=&#8221;4.21.0&#8243; _module_preset=&#8221;default&#8221; saved_tabs=&#8221;all&#8221; global_colors_info=&#8221;{}&#8221;][\/et_pb_button][et_pb_button button_text=&#8221;AMAZON&#8221; _builder_version=&#8221;4.21.0&#8243; _module_preset=&#8221;default&#8221; saved_tabs=&#8221;all&#8221; global_colors_info=&#8221;{}&#8221;][\/et_pb_button][et_pb_button button_text=&#8221;KINDLE&#8221; _builder_version=&#8221;4.21.0&#8243; _module_preset=&#8221;default&#8221; saved_tabs=&#8221;all&#8221; global_colors_info=&#8221;{}&#8221;][\/et_pb_button][\/et_pb_column][et_pb_column type=&#8221;1_6&#8243; _builder_version=&#8221;4.21.0&#8243; _module_preset=&#8221;default&#8221; global_colors_info=&#8221;{}&#8221;][et_pb_blurb title=&#8221;Control a traves del significado&#8221; image=&#8221;https:\/\/eampublishing.com\/wp-content\/uploads\/2023\/04\/Control-a-traves-del-significado.png&#8221; _builder_version=&#8221;4.21.0&#8243; _module_preset=&#8221;default&#8221; custom_margin=&#8221;||-3px|||&#8221; box_shadow_style_image=&#8221;preset1&#8243; global_colors_info=&#8221;{}&#8221;][\/et_pb_blurb][et_pb_toggle title=&#8221;Show More&#8221; icon_color=&#8221;#0C71C3&#8243; _builder_version=&#8221;4.21.0&#8243; _module_preset=&#8221;default&#8221; global_colors_info=&#8221;{}&#8221;]<\/p>\n<p>1 &#8211; CYTOLEMMA (PLASMA MEMBRANE) <strong>814 718 314 213<\/strong><\/p>\n<p>2 &#8211; PINOCYTOTIC VACUOLES <strong>214 718 314 218<\/strong><\/p>\n<p>3 &#8211; CENTROSOME (CELL CENTER) <strong>519 217 018 017<\/strong><\/p>\n<p>4 &#8211; HYALOPLASM <strong>614 217 321 218<\/strong><\/p>\n<p>5 &#8211; ENDOPLASMIC RETICULUM <strong>819 517 319 418<\/strong><\/p>\n<p>A \u2013 MEMBRANES OF ENDOPLASMIC RETICULUM<\/p>\n<p>B &#8211; RIBOSOMES<\/p>\n<p>6 &#8211; CELL NUCLEUS <strong>814 321 718 912<\/strong><\/p>\n<p>7 &#8211; PERINUCLEAR SPACE CONNECTION WITH<\/p>\n<p>ENDOPLASMIC RETICULUM CAVITIES <strong>819 421 719 378<\/strong><\/p>\n<p>8 &#8211; NUCLEAR PORES <strong>918 472 519 318<\/strong><\/p>\n<p>9 \u2013 NUCLEOLUS <strong>918 412 718 814<\/strong><\/p>\n<p>10 \u2013 GOLGI APPARATUS (GOLGI COMPLEX) <strong>819 918 319 217<\/strong><\/p>\n<p>11 &#8211; SECRETORY VACUOLES <strong>979 974 348 522<\/strong><\/p>\n<p>12 &#8211; MITOCHONDRIA <strong>819 317 419 814<\/strong><\/p>\n<p>13 &#8211; LYSOSOMES <strong>519 712 314 518<\/strong><\/p>\n<p>14 &#8211; THREE SUCCESSIVE PHAGOCYTOSIS STAGES <strong>819<\/strong><strong> 412 714 321<\/strong><\/p>\n<p>15 &#8211; CONNECTION THE CELL MEMBRANE WITH ENDOPLASMIC RETICULUM<\/p>\n<p>MEMBRANES <strong>514 816 314 819<\/strong><\/p>\n<p>&nbsp;<\/p>\n<p>[\/et_pb_toggle][\/et_pb_column][et_pb_column type=&#8221;1_6&#8243; _builder_version=&#8221;4.21.0&#8243; _module_preset=&#8221;default&#8221; global_colors_info=&#8221;{}&#8221;][et_pb_button button_url=&#8221;https:\/\/globalgrigorigrabovoi.com\/italiano-books\/&#8221; button_text=&#8221;GLOBAL &#8221; _builder_version=&#8221;4.21.0&#8243; _module_preset=&#8221;default&#8221; saved_tabs=&#8221;all&#8221; global_colors_info=&#8221;{}&#8221;][\/et_pb_button][et_pb_button button_text=&#8221;AMAZON&#8221; _builder_version=&#8221;4.21.0&#8243; _module_preset=&#8221;default&#8221; saved_tabs=&#8221;all&#8221; global_colors_info=&#8221;{}&#8221;][\/et_pb_button][et_pb_button button_text=&#8221;KINDLE&#8221; _builder_version=&#8221;4.21.0&#8243; _module_preset=&#8221;default&#8221; saved_tabs=&#8221;all&#8221; global_colors_info=&#8221;{}&#8221;][\/et_pb_button][\/et_pb_column][et_pb_column type=&#8221;1_6&#8243; _builder_version=&#8221;4.21.0&#8243; _module_preset=&#8221;default&#8221; global_colors_info=&#8221;{}&#8221;][et_pb_blurb title=&#8221;Control a traves del significado&#8221; image=&#8221;https:\/\/eampublishing.com\/wp-content\/uploads\/2023\/04\/Control-a-traves-del-significado.png&#8221; _builder_version=&#8221;4.21.0&#8243; _module_preset=&#8221;default&#8221; custom_margin=&#8221;||-3px|||&#8221; box_shadow_style_image=&#8221;preset1&#8243; global_colors_info=&#8221;{}&#8221;][\/et_pb_blurb][et_pb_toggle title=&#8221;Show More&#8221; icon_color=&#8221;#0C71C3&#8243; _builder_version=&#8221;4.21.0&#8243; _module_preset=&#8221;default&#8221; global_colors_info=&#8221;{}&#8221;]<\/p>\n<p>1 &#8211; CYTOLEMMA (PLASMA MEMBRANE) <strong>814 718 314 213<\/strong><\/p>\n<p>2 &#8211; PINOCYTOTIC VACUOLES <strong>214 718 314 218<\/strong><\/p>\n<p>3 &#8211; CENTROSOME (CELL CENTER) <strong>519 217 018 017<\/strong><\/p>\n<p>4 &#8211; HYALOPLASM <strong>614 217 321 218<\/strong><\/p>\n<p>5 &#8211; ENDOPLASMIC RETICULUM <strong>819 517 319 418<\/strong><\/p>\n<p>A \u2013 MEMBRANES OF ENDOPLASMIC RETICULUM<\/p>\n<p>B &#8211; RIBOSOMES<\/p>\n<p>6 &#8211; CELL NUCLEUS <strong>814 321 718 912<\/strong><\/p>\n<p>7 &#8211; PERINUCLEAR SPACE CONNECTION WITH<\/p>\n<p>ENDOPLASMIC RETICULUM CAVITIES <strong>819 421 719 378<\/strong><\/p>\n<p>8 &#8211; NUCLEAR PORES <strong>918 472 519 318<\/strong><\/p>\n<p>9 \u2013 NUCLEOLUS <strong>918 412 718 814<\/strong><\/p>\n<p>10 \u2013 GOLGI APPARATUS (GOLGI COMPLEX) <strong>819 918 319 217<\/strong><\/p>\n<p>11 &#8211; SECRETORY VACUOLES <strong>979 974 348 522<\/strong><\/p>\n<p>12 &#8211; MITOCHONDRIA <strong>819 317 419 814<\/strong><\/p>\n<p>13 &#8211; LYSOSOMES <strong>519 712 314 518<\/strong><\/p>\n<p>14 &#8211; THREE SUCCESSIVE PHAGOCYTOSIS STAGES <strong>819<\/strong><strong> 412 714 321<\/strong><\/p>\n<p>15 &#8211; CONNECTION THE CELL MEMBRANE WITH ENDOPLASMIC RETICULUM<\/p>\n<p>MEMBRANES <strong>514 816 314 819<\/strong><\/p>\n<p>&nbsp;<\/p>\n<p>[\/et_pb_toggle][\/et_pb_column][et_pb_column type=&#8221;1_6&#8243; _builder_version=&#8221;4.21.0&#8243; _module_preset=&#8221;default&#8221; global_colors_info=&#8221;{}&#8221;][et_pb_button button_url=&#8221;https:\/\/globalgrigorigrabovoi.com\/italiano-books\/&#8221; button_text=&#8221;GLOBAL&#8221; _builder_version=&#8221;4.21.0&#8243; _module_preset=&#8221;default&#8221; global_colors_info=&#8221;{}&#8221;][\/et_pb_button][et_pb_button button_text=&#8221;AMAZON&#8221; _builder_version=&#8221;4.21.0&#8243; _module_preset=&#8221;default&#8221; global_colors_info=&#8221;{}&#8221;][\/et_pb_button][et_pb_button button_text=&#8221;KINDLE&#8221; _builder_version=&#8221;4.21.0&#8243; _module_preset=&#8221;default&#8221; global_colors_info=&#8221;{}&#8221;][\/et_pb_button][\/et_pb_column][\/et_pb_row][\/et_pb_section]<\/p>\n","protected":false},"excerpt":{"rendered":"<p>&nbsp; Le stelle lontane, dalle quali viene percepita solo la luce dalla visione fisica, hanno connessioni sottili con l&#8217;Anima Umana.Una persona con la sua visione fisica pu\u00f2 percepire la luce della sua Anima, che si mescola al colore del corpo della persona.Con questa comprensione, si pu\u00f2 considerare che a una certa distanza dal corpo umano [&hellip;]<\/p>\n","protected":false},"author":1,"featured_media":0,"parent":0,"menu_order":0,"comment_status":"closed","ping_status":"closed","template":"","meta":{"_et_pb_use_builder":"on","_et_pb_old_content":"","_et_gb_content_width":"","footnotes":""},"class_list":["post-236235","page","type-page","status-publish","hentry"],"_links":{"self":[{"href":"https:\/\/eampublishing.com\/index.php?rest_route=\/wp\/v2\/pages\/236235","targetHints":{"allow":["GET"]}}],"collection":[{"href":"https:\/\/eampublishing.com\/index.php?rest_route=\/wp\/v2\/pages"}],"about":[{"href":"https:\/\/eampublishing.com\/index.php?rest_route=\/wp\/v2\/types\/page"}],"author":[{"embeddable":true,"href":"https:\/\/eampublishing.com\/index.php?rest_route=\/wp\/v2\/users\/1"}],"replies":[{"embeddable":true,"href":"https:\/\/eampublishing.com\/index.php?rest_route=%2Fwp%2Fv2%2Fcomments&post=236235"}],"version-history":[{"count":7,"href":"https:\/\/eampublishing.com\/index.php?rest_route=\/wp\/v2\/pages\/236235\/revisions"}],"predecessor-version":[{"id":236602,"href":"https:\/\/eampublishing.com\/index.php?rest_route=\/wp\/v2\/pages\/236235\/revisions\/236602"}],"wp:attachment":[{"href":"https:\/\/eampublishing.com\/index.php?rest_route=%2Fwp%2Fv2%2Fmedia&parent=236235"}],"curies":[{"name":"wp","href":"https:\/\/api.w.org\/{rel}","templated":true}]}}